{"id":6327,"date":"2022-08-12T13:43:26","date_gmt":"2022-08-12T11:43:26","guid":{"rendered":"https:\/\/mesh-research.de\/mission-statement\/"},"modified":"2022-09-18T22:34:07","modified_gmt":"2022-09-18T20:34:07","slug":"mission-statement","status":"publish","type":"page","link":"https:\/\/mesh-research.de\/de\/mission-statement\/","title":{"rendered":"Mission Statement"},"content":{"rendered":"\n<style type=\"text\/css\" data-created_by=\"avia_inline_auto\" id=\"style-css-av-l6qedrf8-304d0ea5afd8fb8d630bb553e3fc880f\">\n.avia-section.av-l6qedrf8-304d0ea5afd8fb8d630bb553e3fc880f{\nbackground-repeat:no-repeat;\nbackground-image:url(https:\/\/mesh-research.de\/wp-content\/uploads\/2022\/08\/mission-statement.jpg);\nbackground-position:50% 50%;\nbackground-attachment:scroll;\n}\n<\/style>\n<div id='av_section_1'  class='avia-section av-l6qedrf8-304d0ea5afd8fb8d630bb553e3fc880f main_color avia-section-default avia-no-border-styling  avia-builder-el-0  el_before_av_section  avia-builder-el-first  avia-bg-style-scroll av-minimum-height av-minimum-height-custom av-height-custom  container_wrap fullsize'  data-section-bg-repeat='no-repeat' data-av_minimum_height_px='400'><div class='container av-section-cont-open' style='height:400px'><main  role=\"main\" itemprop=\"mainContentOfPage\"  class='template-page content  av-content-full alpha units'><div class='post-entry post-entry-type-page post-entry-6327'><div class='entry-content-wrapper clearfix'>\n<\/div><\/div><\/main><!-- close content main element --><\/div><\/div><div id='av_section_2'  class='avia-section av-3inw42-d4d7ef2eb5a5b20c8f368d73335e090b main_color avia-section-default avia-no-border-styling  avia-builder-el-1  el_after_av_section  avia-builder-el-last  avia-bg-style-scroll container_wrap fullsize'  ><div class='container av-section-cont-open' ><div class='template-page content  av-content-full alpha units'><div class='post-entry post-entry-type-page post-entry-6327'><div class='entry-content-wrapper clearfix'>\n<div  class='flex_column av-25wx3m-243c4d74c8fbbb4a6c51dd64c9297d8a av_one_full  avia-builder-el-2  avia-builder-el-no-sibling  first flex_column_div  '     ><p>\n<style type=\"text\/css\" data-created_by=\"avia_inline_auto\" id=\"style-css-av-l6qefmvu-671d200ae96271def6261476d113ba50\">\n#top .av-special-heading.av-l6qefmvu-671d200ae96271def6261476d113ba50{\npadding-bottom:10px;\n}\nbody .av-special-heading.av-l6qefmvu-671d200ae96271def6261476d113ba50 .av-special-heading-tag .heading-char{\nfont-size:25px;\n}\n.av-special-heading.av-l6qefmvu-671d200ae96271def6261476d113ba50 .av-subheading{\nfont-size:15px;\n}\n<\/style>\n<div  class='av-special-heading av-l6qefmvu-671d200ae96271def6261476d113ba50 av-special-heading-h1 blockquote modern-quote  avia-builder-el-3  el_before_av_textblock  avia-builder-el-first '><h1 class='av-special-heading-tag '  itemprop=\"headline\"  >Unsere Mission<\/h1><div class=\"special-heading-border\"><div class=\"special-heading-inner-border\"><\/div><\/div><\/div><br \/>\n<section  class='av_textblock_section av-l6qeh0aw-49f1072dbf1fc3a4c295b4b223502fbe '   itemscope=\"itemscope\" itemtype=\"https:\/\/schema.org\/CreativeWork\" ><div class='avia_textblock'  itemprop=\"text\" ><p><strong>MESH\u00ae RESEARCH<\/strong>\u00a0stellt in seiner T\u00e4tigkeit wissenschaftliche Fragestellungen in den Mittelpunkt, die unabh\u00e4ngig von disziplin\u00e4ren Vorgaben, Fragestellungen und Aufgaben zur Gestaltung digitalisierter oder zu digitalisierender Arbeitswelten von morgen verfolgen. Ein Schwerpunkt bilden dabei die durch die Digitalisierung ausgel\u00f6sten Transformationsprozesse. Im Fokus haben wir die Kompetenzforschung,\u00a0\u00a0aus der praktische Werkzeuge zur Analyse und zur Entwicklung individuellenr sowie organisatorischer Kompetenzen schon entstanden sind und weiterhin entstehen sollen.<\/p>\n<p>Bereits seit 2019\u00a0\u00a0interessieren wir uns f\u00fcr den Themenkomplex \u201eInnovation (Digitalisierung)\u201c und die daraus resultierenden \u201eTransformationsprozesse\u201c.<\/p>\n<p>Wir haben fr\u00fch gesehen, dass es in einer digitalisierten Wirtschaft und Gesellschaft sowohl anspruchsvoller organisatorischer als auch fortgeschrittener individueller Kompetenzen bedarf und begleiten deshalb die organisatorischen und die individuellen Kompetenzentwicklungen mit geeigneten Werkzeugen.<\/p>\n<p>Zu diesen Werkzeugen z\u00e4hlen individuelle Lern- und Entwicklungsumgebungen der aktuellen Arbeitswelt. Die Entwicklung dieser Werkzeuge begleiten wir mit Unternehmen und Organisationen, die sich dem grundlegenden Wandel befinden, der mit den Transformationsprozessen einhergeht.<\/p>\n<p>Deshalb m\u00fcssen Unternehmen sich besser als bisher in die Lage versetzen, wechselnde Aufgaben und Rollen mit den Kompetenzen der entsprechenden Leistungstr\u00e4ger abzugleichen. Die Menschen in den Unternehmen und Organisationen m\u00fcssen nicht nur flexibel denken, sondern auf verantwortungsvollen Positionen auch flexibel handeln.<\/p>\n<p>Dies bedeutet: zukunftsorientiertes Lernen muss dort erfolgen, wo man es auch am besten einsetzt: am Arbeitsplatz.<\/p>\n<p>Unsere Mission<\/p>\n<p><strong>Zukunftsorientiertes Lernen im Arbeitsprozess &#8211; den Arbeitsprozess als Teil einer Transformation begreifen und die Rollen der Menschen unterst\u00fctzen <\/strong><\/p>\n<p>\u201eAnpassung durch Agilit\u00e4t\u201c, \u201eKreativit\u00e4t durch Kollaboration\u201c, \u201eSchnelligkeit durch Selbstorganisation\u201c \u2013 so lauten Empfehlungen daf\u00fcr, wie sich Unternehmen auf den Prozess der Digitalisierung von Wirtschaft und Gesellschaft erfolgreich umstellen k\u00f6nnen. Dabei der Idee New Work folgend, der Mensch steht im Mittelpunkt und nicht alleine das Unternehmen oder die Organisation.<\/p>\n<p>Die Rollen der Menschen im Transformationsprozess vom F\u00fchrenden zum Betroffenen sind vielf\u00e4ltig. Damit der Transformationsprozesse in die digitale Zukunft gelingen, m\u00fcssen die unterschiedlichen Bed\u00fcrfnisse aufeinander abgestimmt werden, um volle Unterst\u00fctzung zu erfahren.<\/p>\n<\/div><\/section><\/p><\/div>\n","protected":false},"excerpt":{"rendered":"","protected":false},"author":4,"featured_media":0,"parent":0,"menu_order":0,"comment_status":"closed","ping_status":"closed","template":"","meta":{"footnotes":""},"class_list":["post-6327","page","type-page","status-publish","hentry"],"_links":{"self":[{"href":"https:\/\/mesh-research.de\/de\/wp-json\/wp\/v2\/pages\/6327","targetHints":{"allow":["GET"]}}],"collection":[{"href":"https:\/\/mesh-research.de\/de\/wp-json\/wp\/v2\/pages"}],"about":[{"href":"https:\/\/mesh-research.de\/de\/wp-json\/wp\/v2\/types\/page"}],"author":[{"embeddable":true,"href":"https:\/\/mesh-research.de\/de\/wp-json\/wp\/v2\/users\/4"}],"replies":[{"embeddable":true,"href":"https:\/\/mesh-research.de\/de\/wp-json\/wp\/v2\/comments?post=6327"}],"version-history":[{"count":5,"href":"https:\/\/mesh-research.de\/de\/wp-json\/wp\/v2\/pages\/6327\/revisions"}],"predecessor-version":[{"id":6347,"href":"https:\/\/mesh-research.de\/de\/wp-json\/wp\/v2\/pages\/6327\/revisions\/6347"}],"wp:attachment":[{"href":"https:\/\/mesh-research.de\/de\/wp-json\/wp\/v2\/media?parent=6327"}],"curies":[{"name":"wp","href":"https:\/\/api.w.org\/{rel}","templated":true}]}}