{"id":5913,"date":"2020-03-24T00:11:10","date_gmt":"2020-03-23T23:11:10","guid":{"rendered":"https:\/\/mesh-research.de\/?page_id=5913"},"modified":"2022-08-12T12:51:12","modified_gmt":"2022-08-12T10:51:12","slug":"der-mensch","status":"publish","type":"page","link":"https:\/\/mesh-research.de\/de\/der-mensch\/","title":{"rendered":"Der Mensch"},"content":{"rendered":"<div id='av_section_1'  class='avia-section av-pbh7d-174cefecf09c5bed42a3b312c9773da9 main_color avia-section-default avia-no-border-styling  avia-builder-el-0  avia-builder-el-no-sibling  avia-bg-style-scroll container_wrap fullsize'  ><div class='container av-section-cont-open' ><main  role=\"main\" itemprop=\"mainContentOfPage\"  class='template-page content  av-content-full alpha units'><div class='post-entry post-entry-type-page post-entry-5913'><div class='entry-content-wrapper clearfix'>\n\n<style type=\"text\/css\" data-created_by=\"avia_inline_auto\" id=\"style-css-av-5awzeh-2c7f2389e55437c851826e73a213d703\">\n.flex_column.av-5awzeh-2c7f2389e55437c851826e73a213d703{\nborder-radius:0px 0px 0px 0px;\npadding:0px 0px 0px 0px;\n}\n<\/style>\n<div  class='flex_column av-5awzeh-2c7f2389e55437c851826e73a213d703 av_one_full  avia-builder-el-1  el_before_av_one_full  avia-builder-el-first  first flex_column_div av-zero-column-padding  '     ><p>\n<style type=\"text\/css\" data-created_by=\"avia_inline_auto\" id=\"style-css-av-h873d-290ab78670f7e4b83a98187fec7e09df\">\n#top .av-special-heading.av-h873d-290ab78670f7e4b83a98187fec7e09df{\npadding-bottom:10px;\n}\nbody .av-special-heading.av-h873d-290ab78670f7e4b83a98187fec7e09df .av-special-heading-tag .heading-char{\nfont-size:25px;\n}\n.av-special-heading.av-h873d-290ab78670f7e4b83a98187fec7e09df .av-subheading{\nfont-size:15px;\n}\n<\/style>\n<div  class='av-special-heading av-h873d-290ab78670f7e4b83a98187fec7e09df av-special-heading-h2 blockquote modern-quote modern-centered  avia-builder-el-2  el_before_av_heading  avia-builder-el-first '><h2 class='av-special-heading-tag '  itemprop=\"headline\"  >Die Antwort auf die Digitalisierung von Wirtschaft und Gesellschaft lautet:<\/h2><div class=\"special-heading-border\"><div class=\"special-heading-inner-border\"><\/div><\/div><\/div><br \/>\n\n<style type=\"text\/css\" data-created_by=\"avia_inline_auto\" id=\"style-css-av-2isqbd-59e90f4f34f2d8d332a773a64a813381\">\n#top .av-special-heading.av-2isqbd-59e90f4f34f2d8d332a773a64a813381{\npadding-bottom:10px;\nfont-size:30px;\n}\nbody .av-special-heading.av-2isqbd-59e90f4f34f2d8d332a773a64a813381 .av-special-heading-tag .heading-char{\nfont-size:25px;\n}\n#top #wrap_all .av-special-heading.av-2isqbd-59e90f4f34f2d8d332a773a64a813381 .av-special-heading-tag{\nfont-size:30px;\n}\n.av-special-heading.av-2isqbd-59e90f4f34f2d8d332a773a64a813381 .av-subheading{\nfont-size:15px;\n}\n\n@media only screen and (min-width: 480px) and (max-width: 767px){ \n#top #wrap_all .av-special-heading.av-2isqbd-59e90f4f34f2d8d332a773a64a813381 .av-special-heading-tag{\nfont-size:0.8em;\n}\n}\n\n@media only screen and (max-width: 479px){ \n#top #wrap_all .av-special-heading.av-2isqbd-59e90f4f34f2d8d332a773a64a813381 .av-special-heading-tag{\nfont-size:0.8em;\n}\n}\n<\/style>\n<div  class='av-special-heading av-2isqbd-59e90f4f34f2d8d332a773a64a813381 av-special-heading-h2 blockquote modern-quote modern-centered  avia-builder-el-3  el_after_av_heading  avia-builder-el-last  av-inherit-size'><h2 class='av-special-heading-tag '  itemprop=\"headline\"  >DER MENSCH<\/h2><div class=\"special-heading-border\"><div class=\"special-heading-inner-border\"><\/div><\/div><\/div><\/p><\/div>\n<style type=\"text\/css\" data-created_by=\"avia_inline_auto\" id=\"style-css-av-327w2h-b47202d4d19ac39b91d2e7832a4bc728\">\n.flex_column.av-327w2h-b47202d4d19ac39b91d2e7832a4bc728{\nborder-radius:0px 0px 0px 0px;\npadding:0px 0px 0px 0px;\n}\n<\/style>\n<div  class='flex_column av-327w2h-b47202d4d19ac39b91d2e7832a4bc728 av_one_full  avia-builder-el-4  el_after_av_one_full  avia-builder-el-last  first flex_column_div av-zero-column-padding  column-top-margin'     ><section  class='av_textblock_section av-k85339hs-119d2f647c456e4f9fff685471e011a0 '   itemscope=\"itemscope\" itemtype=\"https:\/\/schema.org\/CreativeWork\" ><div class='avia_textblock'  itemprop=\"text\" ><p>Antike \u00dcberlieferungen beschreiben die Sphinx als einen D\u00e4mon des Unheils und der Zerst\u00f6rung. In verschieden Mythen hei\u00dft es, dass sie Reisenden im Gebirge aufgelauert und diese get\u00f6tet haben soll, sofern sie nicht imstande waren, ein R\u00e4tsel zu l\u00f6sen, das ihnen von der Sphinx gestellt wurden.<\/p>\n<h3>Ist die Digitalisierung das neue R\u00e4tsel, das uns eine gef\u00e4hrlich anmutende Sphinx in der Gegenwart stellt?<br \/>\nUnd wenn das so ist, wie l\u00f6st man es?<\/h3>\n<p>Francis Bacon (1561-1626), der Philosoph, Jurist, Staatsmann und Wegbereiter der neuzeitlichen Wissenschaft hat in seinem Buch \u00fcber \u201eDas Wissen der Alten\u201c die Begegnung von \u00d6dipus mit der Sphinx als eine Allegorie des Wissens interpretiert: Frage und Antwort, R\u00e4tsel und L\u00f6sung seien durch diese beiden Figuren exemplarisch verk\u00f6rpert.<\/p>\n<p>Als die Sphinx \u00d6dipus fragte, welches Wesen zuerst vierf\u00fc\u00dfig, dann zweif\u00fc\u00dfig, sodann dreif\u00fc\u00dfig und schlie\u00dflich wieder vierf\u00fc\u00dfig sei, lautet seine Antwort (die in der Darstellung von Francis Bacon zugleich eine weithin vergessene\u00a0 Grundbedeutung von Kompetenz offenbart):<\/p>\n<p>Dies<strong> \u201e<\/strong><em>treffe auf den Menschen zu &#8211; in hominem competere\u201c<\/em><strong>. <\/strong>Denn der Mensch sei es, der als Kind auf allen vieren krabbele, als Erwachsener dagegen auf zwei Beinen ginge. Im Alter jedoch scheine es so, als st\u00fcnde ein Mensch, wenn er sich auf einen Stock st\u00fctze, auf drei Beinen, um dann freilich als Greis im Bett wieder alle Viere von sich zu strecken. Nachdem \u00d6dipus das R\u00e4tsel der Sphinx gel\u00f6st hat, st\u00fcrzte sich das zweifl\u00fcgelige Ungeheuer selbst in den Tod.<\/p>\n<h3><strong>Die Antwort auf die modernen D\u00e4monen der Digitalisierung der Gesellschaft und der Globalisierung von M\u00e4rkten ist der Mensch.\u00a0<\/strong><\/h3>\n<p>Was bleibt von diesen Gespenstern \u00fcbrig, wenn wir uns daran erinnern, das von allen Lebewesen es nur auf den Menschen zutrifft, sich mit Wissen eine Ressource zu erschlie\u00dfen, die in der nat\u00fcrlichen Umwelt als solche gar nicht vorkommt, mit Hilfe derer er aber imstande ist, die Geister, die er selbst rief, wenn auch nicht zu vertreiben, so aber doch alles Spukhafte aus ihnen auszutreiben?<\/p>\n<h3>Wir von MESH\u00ae RESEARCH wollen darum nicht nur wissen. <strong>Wir k\u00f6nnen auch Wissen.<\/strong><\/h3>\n<p>Neues Wissen erlangen zu wollen ist sowohl f\u00fcr die Erh\u00f6hung menschlicher Handlungskapazit\u00e4ten (\u201eKompetenz\u201c) wie auch f\u00fcr die Steigerung der Anpassungsf\u00e4higkeit menschlichen Verhaltens an verschiedene Umwelten (\u201eAgilit\u00e4t\u201c) von \u00fcberragender Bedeutung. Dazu bedarf es der Wissenschaft, durch die der kulturelle Wert neuen Wissens gesellschaftlich institutionalisiert ist. Dazu bedarf es aber auch der Forschung, in der der Weg zur Erlangung eines als gesichert geltenden Wissens methodisch kontrolliert wird.<\/p>\n<h3>Wie sollen Wirtschaft und Gesellschaft auf die voranschreitende Digitalisierung reagieren?<\/h3>\n<p>Besser ist es zu agieren, statt zu reagieren. Die Formel lautet:<\/p>\n<p><strong>Wissen-Lernen-Wissen-Gestalten<\/strong><\/p>\n<p>Die Digitalisierung ist kein D\u00e4mon &#8211; die Menschen zur Zeit der industriellen Revolution mochten Glauben, dass Maschinen D\u00e4monen sind. Ihr Wissen war nicht ausreichend, um zu verstehen, was gerade passiert.<\/p>\n<p>Diejenigen, die eine Chance hatten zu lernen, haben ihr neues Wissen dazu genutzt, das Leben neu zu gestalten. Die anderen waren Opfer der Entwicklung und mussten sich anpassen, um zu \u00fcberleben.<\/p>\n<p>Und dabei waren die Ver\u00e4nderungen damals mit unserem heutigen Wissen leicht zu verstehen \u2013 Handarbeit (weben) wurde z.B. ersetzt durch mechanische L\u00f6sungen (Webst\u00fchle), die schneller, genauer und billiger waren als menschliche Arbeit. Eine geniale Erfindung (Dampfmaschine mit der zerst\u00f6rerischen Kraft, die mit Innovationen einhergeht (Schumpeter). Die Erfindung f\u00fchrte zu neuen M\u00f6glichkeiten die Arbeitswelt zu gestalten und hatte Auswirkungen auf alle Lebensbereiche. Ist menschliche Arbeit deshalb \u00fcberfl\u00fcssig geworden? Nein! Ist die Entwicklung b\u00f6se? Nein! Sie brachte Wohlstand. Alles Neue erzeugt Angst vor der Zukunft. Nur das Wissen kann die Angst \u00fcberwinden.<\/p>\n<p>Inzwischen haben wir zwei weitere industrielle Revolutionen erlebt und stehen im ersten Abschnitt der digitalen Revolution hin zu \u201esmarten\u201c Fabriken, \u201esmarten B\u00fcros\u201c, zu \u201esmarten\u201c Verwaltungen, zu \u201esmarten\u201c St\u00e4dten usw.<\/p>\n<p>In der zweiten Industriellen Revolution wurde die Arbeitsteilung\/Spezialisierung eingef\u00fchrt &#8211; in der dritten die Robotisierung.<\/p>\n<p>In der gerade begonnen digitalen Revolution werden die bisherigen Fortschritte mit digitalen L\u00f6sungen, dem Internet of Things (IoT) und K\u00fcnstlicher Intelligenz verkn\u00fcpft.<\/p>\n<p>Der gr\u00f6\u00dfte Teil der Menschen zu Beginn der ersten industriellen Revolution war ungebildet. Ihr Wissen war rudiment\u00e4r &#8211; es gab keine Schulpflicht und wenige Ingenieure. Das war der wesentliche Grund warum die Umsetzung vieler neuer\u00a0 Innovationen damals 30-80 Jahre dauerten.<\/p>\n<p>Mit dem zunehmenden Wissen in der Bev\u00f6lkerung f\u00fchrt Lernen immer schneller zu mehr Wissen und damit zur schnelleren Umsetzung\/Gestaltung und damit zu k\u00fcrzeren Innovationszyklen.<\/p>\n<p><strong>Wissen &#8211; Lernen &#8211; Wissen &#8211; Gestalten<\/strong><\/p>\n<h3>Wir von MESH\u00ae RESEARCH wollen darum nicht nur wissen. Wir wollen auch mit Ihnen lernen, neues Wissen erwerben und helfen zu gestalten.<\/h3>\n<p>Neues Wissen erlangen zu wollen ist sowohl f\u00fcr die Erh\u00f6hung menschlicher Handlungskapazit\u00e4ten (\u201eKompetenz\u201c) wie auch f\u00fcr die Steigerung der Anpassungsf\u00e4higkeit menschlichen Verhaltens an verschiedene Umwelten (\u201eAgilit\u00e4t\u201c) von \u00fcberragender Bedeutung. Dazu bedarf es der Wissenschaft, durch die der kulturelle Wert neuen Wissens gesellschaftlich institutionalisiert ist. Dazu bedarf es aber auch der Forschung, in der der Weg zur Erlangung eines als gesichert geltenden Wissens methodisch kontrolliert wird.<\/p>\n<\/div><\/section><\/div>\n","protected":false},"excerpt":{"rendered":"","protected":false},"author":4,"featured_media":0,"parent":0,"menu_order":0,"comment_status":"closed","ping_status":"closed","template":"","meta":{"footnotes":""},"class_list":["post-5913","page","type-page","status-publish","hentry"],"_links":{"self":[{"href":"https:\/\/mesh-research.de\/de\/wp-json\/wp\/v2\/pages\/5913","targetHints":{"allow":["GET"]}}],"collection":[{"href":"https:\/\/mesh-research.de\/de\/wp-json\/wp\/v2\/pages"}],"about":[{"href":"https:\/\/mesh-research.de\/de\/wp-json\/wp\/v2\/types\/page"}],"author":[{"embeddable":true,"href":"https:\/\/mesh-research.de\/de\/wp-json\/wp\/v2\/users\/4"}],"replies":[{"embeddable":true,"href":"https:\/\/mesh-research.de\/de\/wp-json\/wp\/v2\/comments?post=5913"}],"version-history":[{"count":17,"href":"https:\/\/mesh-research.de\/de\/wp-json\/wp\/v2\/pages\/5913\/revisions"}],"predecessor-version":[{"id":6260,"href":"https:\/\/mesh-research.de\/de\/wp-json\/wp\/v2\/pages\/5913\/revisions\/6260"}],"wp:attachment":[{"href":"https:\/\/mesh-research.de\/de\/wp-json\/wp\/v2\/media?parent=5913"}],"curies":[{"name":"wp","href":"https:\/\/api.w.org\/{rel}","templated":true}]}}