{"id":5849,"date":"2020-03-02T15:18:30","date_gmt":"2020-03-02T14:18:30","guid":{"rendered":"https:\/\/mesh-research.de\/?page_id=5849"},"modified":"2020-04-01T08:27:17","modified_gmt":"2020-04-01T06:27:17","slug":"kompetenzmodell","status":"publish","type":"page","link":"https:\/\/mesh-research.de\/de\/kompetenzmodell\/","title":{"rendered":"Kompetenzmodell"},"content":{"rendered":"\n<style type=\"text\/css\" data-created_by=\"avia_inline_auto\" id=\"style-css-av-k8a4myw3-da4905fab9ad092174a23db67bee1f83\">\n.avia-section.av-k8a4myw3-da4905fab9ad092174a23db67bee1f83{\nbackground-repeat:no-repeat;\nbackground-image:url(https:\/\/mesh-research.de\/wp-content\/uploads\/2020\/03\/Fachbairat.jpg);\nbackground-position:50% 50%;\nbackground-attachment:scroll;\n}\n<\/style>\n<div id='av_section_1'  class='avia-section av-k8a4myw3-da4905fab9ad092174a23db67bee1f83 main_color avia-section-default avia-no-border-styling  avia-builder-el-0  el_before_av_section  avia-builder-el-first  avia-full-stretch avia-bg-style-scroll av-minimum-height av-minimum-height-50 av-height-50  container_wrap fullsize'  data-section-bg-repeat='stretch' data-av_minimum_height_pc='50' data-av_min_height_opt='50'><div class='container av-section-cont-open' ><main  role=\"main\" itemprop=\"mainContentOfPage\"  class='template-page content  av-content-full alpha units'><div class='post-entry post-entry-type-page post-entry-5849'><div class='entry-content-wrapper clearfix'>\n<\/div><\/div><\/main><!-- close content main element --><\/div><\/div><div id='kompetenzmodell'  class='avia-section av-k5zrp5xc-72837ebc68c8e6080e9be90c68462e9a main_color avia-section-default avia-no-shadow  avia-builder-el-1  el_after_av_section  avia-builder-el-last  avia-bg-style-scroll container_wrap fullsize'  ><div class='container av-section-cont-open' ><div class='template-page content  av-content-full alpha units'><div class='post-entry post-entry-type-page post-entry-5849'><div class='entry-content-wrapper clearfix'>\n\n<style type=\"text\/css\" data-created_by=\"avia_inline_auto\" id=\"style-css-av-482thc-da5aac38a2da83c66941ad521915c5ca\">\n.flex_column.av-482thc-da5aac38a2da83c66941ad521915c5ca{\nborder-radius:0px 0px 0px 0px;\npadding:0px 0px 0px 0px;\n}\n<\/style>\n<div  class='flex_column av-482thc-da5aac38a2da83c66941ad521915c5ca av_one_full  avia-builder-el-2  avia-builder-el-no-sibling  first flex_column_div av-zero-column-padding  '     ><section  class='av_textblock_section av-k7w0x8pm-adfc7e51d7ccdd46f51e2df2d3186c35 '   itemscope=\"itemscope\" itemtype=\"https:\/\/schema.org\/CreativeWork\" ><div class='avia_textblock'  itemprop=\"text\" ><p style=\"font-size: 25px; font-style: italic; margin-bottom: 0;\">\u201eNichts ist so praktisch wie eine gute Theorie.\u201c<\/p>\n<p>(Kurt Lewin)<\/p>\n<\/div><\/section><br \/>\n\n<style type=\"text\/css\" data-created_by=\"avia_inline_auto\" id=\"style-css-av-av_heading-b0b01a37ccbaca11e3bb8091d2a0f607\">\n#top .av-special-heading.av-av_heading-b0b01a37ccbaca11e3bb8091d2a0f607{\npadding-bottom:10px;\n}\nbody .av-special-heading.av-av_heading-b0b01a37ccbaca11e3bb8091d2a0f607 .av-special-heading-tag .heading-char{\nfont-size:25px;\n}\n.av-special-heading.av-av_heading-b0b01a37ccbaca11e3bb8091d2a0f607 .av-subheading{\nfont-size:15px;\n}\n<\/style>\n<div  class='av-special-heading av-av_heading-b0b01a37ccbaca11e3bb8091d2a0f607 av-special-heading-h2 blockquote modern-quote  avia-builder-el-4  el_after_av_textblock  el_before_av_textblock '><h2 class='av-special-heading-tag '  itemprop=\"headline\"  >Kompetenzmodell<\/h2><div class=\"special-heading-border\"><div class=\"special-heading-inner-border\"><\/div><\/div><\/div><br \/>\n\n<style type=\"text\/css\" data-created_by=\"avia_inline_auto\" id=\"style-css-av-52vz9k-5e392e0f955efc8451e11bff9ca8b54d\">\n#top .av_textblock_section.av-52vz9k-5e392e0f955efc8451e11bff9ca8b54d .avia_textblock{\nfont-size:18px;\n}\n<\/style>\n<section  class='av_textblock_section av-52vz9k-5e392e0f955efc8451e11bff9ca8b54d '   itemscope=\"itemscope\" itemtype=\"https:\/\/schema.org\/CreativeWork\" ><div class='avia_textblock'  itemprop=\"text\" ><p>Bei MESH\u00ae RESEARCH haben wir uns zum Ziel gesetzt, die Ergebnisse aktueller Kompetenzforschungen aus Managementlehre, Psychologie, Soziologie und P\u00e4dagogik in einer integrativen Perspektive so aufzubereiten, dass dadurch ein wirksames und nachhaltiges Instrument sowohl f\u00fcr Personalabteilungen als auch f\u00fcr Organisations- und Unternehmensentwicklungen entsteht.<\/p>\n<p><strong>Erfolgskritische Faktoren von Kompetenz.<\/strong> Die Anforderung f\u00fcr die Entwicklung eines solchen Kompetenzmodells besteht zum einen darin, gleich mehrere Forschungsdisziplinen zu integrieren. Zum anderen muss das Kompetenzmodell aber auch dazu beitragen, die erfolgskritischen Faktoren von Kompetenz zu identifizieren.<\/p>\n<p>W\u00e4hrend in der deutschsprachigen Forschung das Verst\u00e4ndnis von Kompetenz vor allem psychologisch dominiert wird (\u201eF\u00e4higkeit\u201c), stehen im angels\u00e4chsischen Raum eher die verhaltensbezogenen Aspekte von Kompetenz (\u201eFertigkeit\u201c) im Vordergrund. Diese Engf\u00fchrung der Forschung auf die Sph\u00e4re individuellen Handelns kann insofern nicht \u00fcberzeugen, als dadurch soziale und kulturelle Faktoren ausgeblendet bleiben. Kompetent ist man nicht nur pers\u00f6nlich, sondern wird es erstens aufgrund von bestimmten Zust\u00e4ndigkeiten in Organisationen und zweitens kraft eines Wissens, das sich nicht auf einzelne Personen beschr\u00e4nken l\u00e4sst, sondern kulturell geteilt wird.<\/p>\n<p><strong>Multiple Job-Modell.<\/strong> Wir haben ein schlankes Modell systemtheoretisch informierter Kompetenz entwickelt, das neben individuellen F\u00e4higkeiten und Fertigkeiten auch die soziale und kulturelle Dimension von Kompetenz ber\u00fccksichtigt. Es ist einerseits in der Lage, die erfolgskritischen Faktoren von Kompetenz wissenschaftlich begr\u00fcndet zu identifizieren. Andererseits handelt es sich dabei um ein Multiple Job-Modell, das f\u00fcr einen vielf\u00e4ltigen Einsatz in Organisationen geeignet ist. Mit ihm lassen sich sowohl relevante Kompetenzen f\u00fcr einzelne T\u00e4tigkeitsbilder pr\u00e4zise erfassen (\u201eSingle Job-Modell\u201c), als auch eine Vergleichbarkeit zwischen verschiedenen T\u00e4tigkeitsbildern erstellen (\u201eOne Size Fits All-Modell\u201c).<\/p>\n<p><strong>Praktischer Mehraufwand durch Theoriedefizit.<\/strong> Ungeachtet ihres unterschiedlichen Schwerpunktes fehlt es in der internationalen Kompetenzforschung auch an einer hinreichenden Begr\u00fcndung daf\u00fcr, warum man, wie es h\u00e4ufig geschieht, Kompetenz ausgerechnet nach Fach-, Methoden-, Sozial-, Selbst- und F\u00fchrungskompetenz unterscheiden soll. Solche Einteilungen sind zwar praktisch einleuchtend, entbehren aber meistens einer hinreichenden Begr\u00fcndung.<\/p>\n<p>Die Folge des allgemeinen Theoriedefizits in der Kompetenzforschung sind beliebige Kompetenzfaktoren mit zahlreichen Kompetenzdimensionen. Im Verbund f\u00fchrt dies zu schier unendlichen Kompetenzlisten, die in der Praxis nur noch sehr aufw\u00e4ndig zu pflegen sind. Bei MESH\u00ae RESEARCH wird dies durch R\u00fcckgriff auf eine Systemtheorie des Handelns vermieden.<\/p>\n<\/div><\/section><\/p><\/div>\n","protected":false},"excerpt":{"rendered":"","protected":false},"author":4,"featured_media":0,"parent":0,"menu_order":0,"comment_status":"closed","ping_status":"closed","template":"","meta":{"footnotes":""},"class_list":["post-5849","page","type-page","status-publish","hentry"],"_links":{"self":[{"href":"https:\/\/mesh-research.de\/de\/wp-json\/wp\/v2\/pages\/5849","targetHints":{"allow":["GET"]}}],"collection":[{"href":"https:\/\/mesh-research.de\/de\/wp-json\/wp\/v2\/pages"}],"about":[{"href":"https:\/\/mesh-research.de\/de\/wp-json\/wp\/v2\/types\/page"}],"author":[{"embeddable":true,"href":"https:\/\/mesh-research.de\/de\/wp-json\/wp\/v2\/users\/4"}],"replies":[{"embeddable":true,"href":"https:\/\/mesh-research.de\/de\/wp-json\/wp\/v2\/comments?post=5849"}],"version-history":[{"count":11,"href":"https:\/\/mesh-research.de\/de\/wp-json\/wp\/v2\/pages\/5849\/revisions"}],"predecessor-version":[{"id":6106,"href":"https:\/\/mesh-research.de\/de\/wp-json\/wp\/v2\/pages\/5849\/revisions\/6106"}],"wp:attachment":[{"href":"https:\/\/mesh-research.de\/de\/wp-json\/wp\/v2\/media?parent=5849"}],"curies":[{"name":"wp","href":"https:\/\/api.w.org\/{rel}","templated":true}]}}