{"id":5583,"date":"2020-02-26T22:01:44","date_gmt":"2020-02-26T21:01:44","guid":{"rendered":"https:\/\/mesh-research.de\/?page_id=5583"},"modified":"2020-04-23T11:20:42","modified_gmt":"2020-04-23T09:20:42","slug":"ueber-uns","status":"publish","type":"page","link":"https:\/\/mesh-research.de\/de\/ueber-uns\/","title":{"rendered":"\u00dcber uns"},"content":{"rendered":"\n<style type=\"text\/css\" data-created_by=\"avia_inline_auto\" id=\"style-css-av-k8f1p8nf-070aa4d9d8384668644af6bfff734169\">\n.avia-section.av-k8f1p8nf-070aa4d9d8384668644af6bfff734169{\nbackground-repeat:no-repeat;\nbackground-image:url(https:\/\/mesh-research.de\/wp-content\/uploads\/2020\/03\/meshbackground.jpg);\nbackground-position:50% 50%;\nbackground-attachment:scroll;\n}\n<\/style>\n<div id='av_section_1'  class='avia-section av-k8f1p8nf-070aa4d9d8384668644af6bfff734169 main_color avia-section-default avia-no-border-styling  avia-builder-el-0  el_before_av_section  avia-builder-el-first  avia-full-stretch avia-bg-style-scroll av-minimum-height av-minimum-height-50 av-height-50  container_wrap fullsize'  data-section-bg-repeat='stretch' data-av_minimum_height_pc='50' data-av_min_height_opt='50'><div class='container av-section-cont-open' ><main  role=\"main\" itemprop=\"mainContentOfPage\"  class='template-page content  av-content-full alpha units'><div class='post-entry post-entry-type-page post-entry-5583'><div class='entry-content-wrapper clearfix'>\n<\/div><\/div><\/main><!-- close content main element --><\/div><\/div><div id='av_section_2'  class='avia-section av-3h9xpb-ad464dcafa297d03e51595bcda2c169d main_color avia-section-default avia-no-border-styling  avia-builder-el-1  el_after_av_section  avia-builder-el-last  avia-bg-style-scroll container_wrap fullsize'  ><div class='container av-section-cont-open' ><div class='template-page content  av-content-full alpha units'><div class='post-entry post-entry-type-page post-entry-5583'><div class='entry-content-wrapper clearfix'>\n\n<style type=\"text\/css\" data-created_by=\"avia_inline_auto\" id=\"style-css-av-86m5r-605d91dea95735b1e3bb0ad5901f9dd9\">\n.flex_column.av-86m5r-605d91dea95735b1e3bb0ad5901f9dd9{\nborder-radius:0px 0px 0px 0px;\npadding:0px 0px 0px 0px;\n}\n<\/style>\n<div  class='flex_column av-86m5r-605d91dea95735b1e3bb0ad5901f9dd9 av_one_full  avia-builder-el-2  avia-builder-el-no-sibling  first flex_column_div av-zero-column-padding  '     ><section  class='av_textblock_section av-k8f1qjtp-017405680f5b28ea170e997fb7bdf8ed '   itemscope=\"itemscope\" itemtype=\"https:\/\/schema.org\/CreativeWork\" ><div class='avia_textblock'  itemprop=\"text\" ><p>Die MESH\u00ae RESEARCH ist neben der MESH\u00ae ACADEMY, MESH\u00ae CONSULTING und MESH\u00ae IN-HOUSE integraler Bestandteil des <a href=\"https:\/\/mesh-institute.com\" target=\"_blank\" rel=\"noopener noreferrer\"><strong>MESH\u00ae INSTITUTE for Advanced Competence<\/strong>.<\/a><\/p>\n<p>Das MESH\u00ae INSTITUTE hat sich dem zukunftsorientiertem Lernen im Prozess des Arbeitens verschrieben. Wir begreifen Lernen nicht nur als eine Vorbereitung auf die Arbeit oder als eine Auszeit von der Arbeit. Dar\u00fcber hinaus m\u00f6chten wir Menschen dabei unterst\u00fctzen, ihre Kompetenzen m\u00f6glichst genau dort weiterzuentwickeln, wo sie einen Gro\u00dfteil ihres Lebens verbringen: am Arbeitsplatz. Zur Erforschung der daf\u00fcr n\u00f6tigen Grundlagen und zur Entwicklung ihrer praktischen Anwendung in Unternehmen, \u00f6ffentlicher Verwaltung und Verb\u00e4nden gibt es MESH\u00ae RESEARCH.<\/p>\n<p>Zum einen beobachten wir mit MESH\u00ae RESEARCH in einer transdisziplin\u00e4ren Perspektive, auf welche Kompetenzen es in einer digitalisierten Gesellschaft und globalisierten Wirtschaft f\u00fcr Unternehmen, Beh\u00f6rden und Verb\u00e4nden zuk\u00fcnftig ankommen wird und wie sich diese Kompetenzen in nicht-formalen Lernumgebungen an Fach- und F\u00fchrungskr\u00e4fte vermitteln lassen. Die Ergebnisse dieser laufenden Beobachtungen des wissenschaftlich Diskurses in inhaltlicher wie auch in didaktischer Hinsicht kommen mit der MESH\u00ae ACADEMY und MESH\u00ae INHOUSE den beiden Bereichen innerhalb des MESH\u00ae INSTITUTE zugute, die sich auf das Lernen unter den nicht-formalen Rahmenbedingungen von internen oder externen Fort- und Weiterbildungen spezialisiert haben.<\/p>\n<p>Zum anderen leisten wir mit MESH\u00ae RESEARCH auch einen eigenst\u00e4ndigen Beitrag zur aktuellen wissenschaftlichen Forschung \u00fcber Modellierung, Erkl\u00e4rung, Diagnose und Entwicklung von personalen und organisationalen Kompetenzen. Die Ergebnisse dieser Forschung bereiten wir so auf, dass sie durch MESH\u00ae CONSULTING zur Diagnose und Entwicklung von Kompetenzen in den informellen Lernumwelten, wie sie an den Arbeitspl\u00e4tzen in Unternehmen, Beh\u00f6rden und Verb\u00e4nden jeweils konkret gegeben sind, praktisch angewendet werden k\u00f6nnen.<\/p>\n<\/div><\/section><\/div>\n","protected":false},"excerpt":{"rendered":"","protected":false},"author":4,"featured_media":0,"parent":0,"menu_order":0,"comment_status":"closed","ping_status":"closed","template":"","meta":{"footnotes":""},"class_list":["post-5583","page","type-page","status-publish","hentry"],"_links":{"self":[{"href":"https:\/\/mesh-research.de\/de\/wp-json\/wp\/v2\/pages\/5583","targetHints":{"allow":["GET"]}}],"collection":[{"href":"https:\/\/mesh-research.de\/de\/wp-json\/wp\/v2\/pages"}],"about":[{"href":"https:\/\/mesh-research.de\/de\/wp-json\/wp\/v2\/types\/page"}],"author":[{"embeddable":true,"href":"https:\/\/mesh-research.de\/de\/wp-json\/wp\/v2\/users\/4"}],"replies":[{"embeddable":true,"href":"https:\/\/mesh-research.de\/de\/wp-json\/wp\/v2\/comments?post=5583"}],"version-history":[{"count":8,"href":"https:\/\/mesh-research.de\/de\/wp-json\/wp\/v2\/pages\/5583\/revisions"}],"predecessor-version":[{"id":6107,"href":"https:\/\/mesh-research.de\/de\/wp-json\/wp\/v2\/pages\/5583\/revisions\/6107"}],"wp:attachment":[{"href":"https:\/\/mesh-research.de\/de\/wp-json\/wp\/v2\/media?parent=5583"}],"curies":[{"name":"wp","href":"https:\/\/api.w.org\/{rel}","templated":true}]}}