{"id":152,"date":"2016-05-04T13:17:23","date_gmt":"2016-05-04T13:17:23","guid":{"rendered":"http:\/\/www.kriesi.at\/themes\/enfold-app\/?page_id=152"},"modified":"2022-08-12T13:00:08","modified_gmt":"2022-08-12T11:00:08","slug":"welcome","status":"publish","type":"page","link":"https:\/\/mesh-research.de\/de\/welcome\/","title":{"rendered":"Welcome"},"content":{"rendered":"\n<style type=\"text\/css\" data-created_by=\"avia_inline_auto\" id=\"style-css-av-k7brf55h-31833cb78ae7686d9fa9d35a4119e8d9\">\n.avia-section.av-k7brf55h-31833cb78ae7686d9fa9d35a4119e8d9{\nbackground-repeat:repeat-x;\nbackground-image:url(https:\/\/mesh-research.de\/wp-content\/uploads\/2020\/03\/close-up-of-an-opened-dictionary-showing-the-word-P66HQSJ.jpg);\nbackground-position:50% 50%;\nbackground-attachment:scroll;\n}\n<\/style>\n<div id='av_section_1'  class='avia-section av-k7brf55h-31833cb78ae7686d9fa9d35a4119e8d9 main_color avia-section-default avia-no-border-styling  avia-builder-el-0  el_before_av_section  avia-builder-el-first  avia-bg-style-scroll av-minimum-height av-minimum-height-custom av-height-custom  container_wrap fullsize'  data-section-bg-repeat='repeat-x' data-av_minimum_height_px='400'><div class='container av-section-cont-open' style='height:400px'><main  role=\"main\" itemprop=\"mainContentOfPage\"  class='template-page content  av-content-full alpha units'><div class='post-entry post-entry-type-page post-entry-152'><div class='entry-content-wrapper clearfix'>\n<\/div><\/div><\/main><!-- close content main element --><\/div><\/div><div id='av_section_2'  class='avia-section av-k5zrp5xc-97ccf0c05344afb50a319fd8736578fd main_color avia-section-default avia-no-shadow  avia-builder-el-1  el_after_av_section  avia-builder-el-last  avia-bg-style-scroll container_wrap fullsize'  ><div class='container av-section-cont-open' ><div class='template-page content  av-content-full alpha units'><div class='post-entry post-entry-type-page post-entry-152'><div class='entry-content-wrapper clearfix'>\n\n<style type=\"text\/css\" data-created_by=\"avia_inline_auto\" id=\"style-css-av-6rgs0-96de1748fe101854d4dbf244eb1e63c6\">\n.flex_column.av-6rgs0-96de1748fe101854d4dbf244eb1e63c6{\nborder-radius:0px 0px 0px 0px;\npadding:0px 0px 0px 0px;\n}\n<\/style>\n<div  class='flex_column av-6rgs0-96de1748fe101854d4dbf244eb1e63c6 av_one_full  avia-builder-el-2  el_before_av_one_full  avia-builder-el-first  first flex_column_div av-zero-column-padding  '     ><section  class='av_textblock_section av-k7rpfylv-f12b0339da9a171475b7e3747b38292e '   itemscope=\"itemscope\" itemtype=\"https:\/\/schema.org\/CreativeWork\" ><div class='avia_textblock'  itemprop=\"text\" ><h3><strong>Wir k\u00f6nnen Wissen<\/strong><\/h3>\n<p>Wir von MESH\u00ae RESEARCH verstehen uns als ein verbindendes Element zwischen Wissenschaft einerseits sowie Wirtschaft und \u00f6ffentlicher Verwaltung andererseits. Wir koppeln die Expertise der Wissenschaft zum Prozess der Digitalisierung und Globalisierung von Gesellschaft an den Bedarf, der sowohl in Wirtschaft als auch in \u00f6ffentlicher Verwaltung an individuellen und organisationalen Kompetenzen besteht, mit denen dieser Prozess nicht blo\u00df irgendwie bew\u00e4ltigt, sondern erfolgreich gestaltet werden kann.<\/p>\n<p>Diesem Anspruch m\u00f6chten wir gerecht werden<\/p>\n<ol>\n<li>durch unsere aktive Beteiligung an der Erzeugung neuen Wissens \u00fcber Kompetenzmodellierung, &#8211; erkl\u00e4rung, &#8211; diagnose und -entwicklung in der Wissenschaft sowie durch unsere Einbindung in die universit\u00e4re Lehre zum Thema Kompetenz (Grundlagenforschung und akademische Lehre),<\/li>\n<li>indem wir Ergebnisse von Kompetenzforschung in einer transdisziplin\u00e4ren Perspektive f\u00fcr ihre praktische Anwendung in Unternehmen, Beh\u00f6rden und Verb\u00e4nden aufbereiten. Wir entwickeln dazu eine Software f\u00fcr Smartphones und Tablets f\u00fcr die Diagnose und Entwicklung individueller Kompetenzen von Fach- und F\u00fchrungskr\u00e4ften direkt an deren Arbeitspl\u00e4tzen (Entwicklung und Transfer von praktischem Wissen und Technologien),<\/li>\n<li>durch die \u00dcbernahme von Auftragsforschungen, Entwicklungen von Technologien sowie Gutachten f\u00fcr Unternehmen, \u00f6ffentliche Verwaltungen und Verb\u00e4nden zu individuellen und organisationalen Kompetenzen in einer digitalisierten Gesellschaft und globalisierten Wirtschaft (angewandte Auftragsforschung).<\/li>\n<\/ol>\n<h3><\/h3>\n<h3><\/h3>\n<h3><strong>Wir bringen aktuelle Forschung zur Kompetenzmessung und \u2011entwicklung zur Anwendung<\/strong><\/h3>\n<p>Die Digitalisierung und Globalisierung der Gesellschaft, von Unternehmen, Beh\u00f6rden und Verb\u00e4nden ist nicht mehr mit alten Rezepten zu bew\u00e4ltigen, geschweige denn erfolgreich zu gestalten. Daher stellen wir unseren Auftraggebern aus der Privatwirtschaft und \u00f6ffentlichen Verwaltung unsere Forschungs- und Entwicklungskapazit\u00e4ten, die wir zum Thema Kompetenz teils intern aufgebaut haben und teils projektgebunden mit externen Partnern realisieren, zur Verf\u00fcgung.<\/p>\n<p>Damit wissenschaftliches Wissen \u00fcber individuelle und organisationale Kompetenzen (\u201eknowing that\u201c) in Unternehmen, Beh\u00f6rden und Verb\u00e4nden tats\u00e4chlich weiterhilft, muss es \u00fcbersetzt werden in ein Wissen, das von Fach- und F\u00fchrungskr\u00e4ften praktisch auch verwendet werden kann (\u201eknowing how\u201c). Wir von MESH\u00ae RESEARCH schlagen daher eine Br\u00fccke zwischen<\/p>\n<ul>\n<li>einerseits den in der Forschung f\u00fcr die Produktion und Anerkennung von neuem Wissen geltenden G\u00fctekriterien, namentlich Validit\u00e4t, Reliabilit\u00e4t und Objektivit\u00e4t und<\/li>\n<\/ul>\n<ul>\n<li>anderseits den Akzeptanzkriterien, die von unseren Kunden in Wirtschaft und \u00f6ffentlicher Verwaltung an neues Wissen angelegt werden: Verst\u00e4ndlichkeit und Einsatz-Geschwindigkeit, Praktikabilit\u00e4t und Wirksamkeit.<\/li>\n<\/ul>\n<p>Bei der Durchf\u00fchrung von empirischen Forschungen, der Entwicklung von anwendungsbereiten Technologien und der Erstellung von Gutachten f\u00fchlen wir uns bei MESH\u00ae RESEARCH daher den Wertma\u00dfst\u00e4ben der Scientific Community ebenso verpflichtet wie den praktischen Relevanzkriterien in Unternehmen, Beh\u00f6rden und Verb\u00e4nden.<\/p>\n<h3><\/h3>\n<h3><\/h3>\n<h3><strong>Beispielhafte Forschungsprojekte und Gutachten<\/strong><\/h3>\n<p>In der Ausarbeitung von Forschungsdesigns begleiten wir unsere Kunden intensiv, kooperativ und transparent w\u00e4hrend allen Projektphasen.<\/p>\n<p>Empirische Forschungen k\u00f6nnen zum Beispiel durchgef\u00fchrt werden<\/p>\n<ul>\n<li>zu den Folgen, zu denen der Wandel von tradierten Anspr\u00fcchen auf eine Work-Life-Balance hin zur neuen Erfahrung eines Work-Life-Blending bei Mitarbeitern unterschiedlicher Generationszugeh\u00f6rigkeit f\u00fchrt,<\/li>\n<li>zu den Voraussetzungen, Folgen und Erfolg von Wiedereingliederungsma\u00dfnahmen f\u00fcr \u00e4ltere Arbeitnehmer und chronisch Kranke in den Arbeitsprozess,<\/li>\n<li>zur Wirksamkeit verschiedener Instrumente der Kundenorientierung in Unternehmen, Beh\u00f6rden und Verb\u00e4nden.<\/li>\n<\/ul>\n<p>Gutachten k\u00f6nnen beispielsweise erstellt werden \u00fcber<\/p>\n<ul>\n<li>Zielsetzungen neuer Arbeits- und Arbeitszeitmodelle im New Work, ihren jeweiligen unternehmensinternen Voraussetzungen, passgenauen Verfahren zu ihrer Implementierung sowie der erwartbaren Akzeptanz bei Mitarbeitern,<\/li>\n<li>Leitbilder von Digital Leadership und darauf bezogene Instrumente zur F\u00fchrung von Mitarbeitern auf Distanz (Home Office) sowie von der Seite (in selbstorganisierten Teams),<\/li>\n<li>Entwicklung und Evaluation des betrieblichen Gesundheitsmanagements im digitalen Zeitalter.<\/li>\n<\/ul>\n<\/div><\/section><\/div>\n<style type=\"text\/css\" data-created_by=\"avia_inline_auto\" id=\"style-css-av-6rgs0-be31c8af36b05873d99845ede2580266\">\n.flex_column.av-6rgs0-be31c8af36b05873d99845ede2580266{\nborder-radius:0px 0px 0px 0px;\npadding:0px 0px 0px 0px;\n}\n<\/style>\n<div  class='flex_column av-6rgs0-be31c8af36b05873d99845ede2580266 av_one_full  avia-builder-el-4  el_after_av_one_full  avia-builder-el-last  first flex_column_div av-zero-column-padding  column-top-margin'     ><style type=\"text\/css\" data-created_by=\"avia_inline_auto\" id=\"style-css-av-k8534m8y-7e1e26b4683c40481ce5d963b7ab418e\">\n#top .av_textblock_section.av-k8534m8y-7e1e26b4683c40481ce5d963b7ab418e .avia_textblock{\nfont-size:30px;\n}\n<\/style>\n<section  class='av_textblock_section av-k8534m8y-7e1e26b4683c40481ce5d963b7ab418e '   itemscope=\"itemscope\" itemtype=\"https:\/\/schema.org\/CreativeWork\" ><div class='avia_textblock'  itemprop=\"text\" ><p style=\"text-align: center;\">Wie lautet die Antwort auf die Digitalisierung<br \/>\nvon Wirtschaft und Gesellschaft?<\/p>\n<\/div><\/section><br \/>\n<div  class='avia-button-wrap av-k85359o2-b5ff39b9e891d70d5f89c95936b4022d-wrap avia-button-center  avia-builder-el-6  el_after_av_textblock  avia-builder-el-last '><a href='https:\/\/mesh-research.de\/de\/der-mensch\/'  class='avia-button av-k85359o2-b5ff39b9e891d70d5f89c95936b4022d av-link-btn avia-icon_select-no avia-size-medium avia-position-center avia-color-dark'   aria-label=\"Antwort\"><span class='avia_iconbox_title' >Antwort<\/span><\/a><\/div><\/p><\/div>\n\n","protected":false},"excerpt":{"rendered":"","protected":false},"author":4,"featured_media":0,"parent":0,"menu_order":0,"comment_status":"closed","ping_status":"closed","template":"","meta":{"footnotes":""},"class_list":["post-152","page","type-page","status-publish","hentry"],"_links":{"self":[{"href":"https:\/\/mesh-research.de\/de\/wp-json\/wp\/v2\/pages\/152","targetHints":{"allow":["GET"]}}],"collection":[{"href":"https:\/\/mesh-research.de\/de\/wp-json\/wp\/v2\/pages"}],"about":[{"href":"https:\/\/mesh-research.de\/de\/wp-json\/wp\/v2\/types\/page"}],"author":[{"embeddable":true,"href":"https:\/\/mesh-research.de\/de\/wp-json\/wp\/v2\/users\/4"}],"replies":[{"embeddable":true,"href":"https:\/\/mesh-research.de\/de\/wp-json\/wp\/v2\/comments?post=152"}],"version-history":[{"count":113,"href":"https:\/\/mesh-research.de\/de\/wp-json\/wp\/v2\/pages\/152\/revisions"}],"predecessor-version":[{"id":6266,"href":"https:\/\/mesh-research.de\/de\/wp-json\/wp\/v2\/pages\/152\/revisions\/6266"}],"wp:attachment":[{"href":"https:\/\/mesh-research.de\/de\/wp-json\/wp\/v2\/media?parent=152"}],"curies":[{"name":"wp","href":"https:\/\/api.w.org\/{rel}","templated":true}]}}